{"id":945,"date":"2021-10-12T12:07:48","date_gmt":"2021-10-12T12:07:48","guid":{"rendered":"https:\/\/www.lapetitetribufrancophone.it\/services\/"},"modified":"2021-10-12T12:27:21","modified_gmt":"2021-10-12T12:27:21","slug":"services","status":"publish","type":"page","link":"https:\/\/www.lapetitetribufrancophone.it\/fr\/services\/","title":{"rendered":"Services"},"content":{"rendered":"<p>[et_pb_section fb_built=\u00a0\u00bb1&Prime; _builder_version=\u00a0\u00bb4.9.10&Prime; _module_preset=\u00a0\u00bbdefault\u00a0\u00bb background_enable_color=\u00a0\u00bboff\u00a0\u00bb custom_margin=\u00a0\u00bb0px||0px||false|false\u00a0\u00bb custom_padding=\u00a0\u00bb0px||0px||false|false\u00a0\u00bb global_colors_info=\u00a0\u00bb{}\u00a0\u00bb][et_pb_row column_structure=\u00a0\u00bb1_2,1_2&Prime; use_custom_gutter=\u00a0\u00bbon\u00a0\u00bb gutter_width=\u00a0\u00bb1&Prime; make_equal=\u00a0\u00bbon\u00a0\u00bb _builder_version=\u00a0\u00bb4.10.7&Prime; _module_preset=\u00a0\u00bbdefault\u00a0\u00bb width=\u00a0\u00bb100%\u00a0\u00bb max_width=\u00a0\u00bb100%\u00a0\u00bb custom_margin=\u00a0\u00bb0px|0px|0px|0px|false|false\u00a0\u00bb custom_padding=\u00a0\u00bb0px|0px|0px|0px|false|false\u00a0\u00bb custom_css_main_element=\u00a0\u00bbmin-height:90vh;\t\u00a0\u00bb global_colors_info=\u00a0\u00bb{}\u00a0\u00bb][et_pb_column type=\u00a0\u00bb1_2&Prime; _builder_version=\u00a0\u00bb4.10.6&Prime; _module_preset=\u00a0\u00bbdefault\u00a0\u00bb custom_padding=\u00a0\u00bb4vh||0px||false|false\u00a0\u00bb custom_css_main_element=\u00a0\u00bbmargin:auto;\t\u00a0\u00bb global_colors_info=\u00a0\u00bb{}\u00a0\u00bb][et_pb_text _builder_version=\u00a0\u00bb4.9.10&Prime; _module_preset=\u00a0\u00bbdefault\u00a0\u00bb custom_padding=\u00a0\u00bb||20px||false|false\u00a0\u00bb global_colors_info=\u00a0\u00bb{}\u00a0\u00bb]<\/p>\n<h1 class=\"sc_item_title sc_icons_title sc_align_center sc_item_title_style_default\" style=\"text-align: center\">Services<br \/><span style=\"font-size: 20px\">Nos \u201csoireestipi\u201d du vendredi et samedi soir<\/span><\/h1>\n<div class=\"sc_item_descr sc_icons_descr sc_align_center\">\n<p style=\"text-align: center\">\n<\/div>\n<p>[\/et_pb_text][et_pb_text _builder_version=\u00a0\u00bb4.10.6&Prime; _module_preset=\u00a0\u00bbdefault\u00a0\u00bb custom_padding=\u00a0\u00bb|4vw|0vw|4vw|false|false\u00a0\u00bb global_colors_info=\u00a0\u00bb{}\u00a0\u00bb]<\/p>\n<p style=\"text-align: justify\"><em>\u00abNos \u201cSOIREES TIPI\u201d du vendredi et samedi soir!\u00bb<\/em><\/p>\n<p style=\"text-align: justify\">Ce soir, la date est particuli\u00e8re pour vous! Vous avez envie de sortir et vous retrouvez entre amis au restaurant, mais vous n\u2019avez pas le temps de trouver la perle rare disponible et de confiance qui gardera occasionnellement vos enfants!<\/p>\n<p style=\"text-align: justify\">Pas de Panique! La Petite Tribu francophone s\u2019occupe de tout. Nous organisons:<\/p>\n<ul style=\"text-align: justify\">\n<li>Un service de garde collective<\/li>\n<li>Pour des enfants entre 5\/ 10 ans.<\/li>\n<li>Tous les vendredis et samedis soir.<\/li>\n<li>De 19h15 \u00e0 23h15 (soit 4heures)<\/li>\n<li>Sur r\u00e9servation (place maximun de 5 enfants)<\/li>\n<\/ul>\n<p style=\"text-align: justify\">Une formule g\u00e9niale qui ravira vos enfants, heureux de passer une soir\u00e9e inoubliable dans un Tipi, avec plateau \u00abrepas\u00bb, devant un bon film d\u2019animation en version fran\u00e7aise, naturellement !!<\/p>\n<ul style=\"text-align: justify\"><\/ul>\n<p>[\/et_pb_text][et_pb_image src=\u00a0\u00bbhttps:\/\/www.lapetitetribufrancophone.it\/wp-content\/uploads\/2021\/07\/teepee.png\u00a0\u00bb title_text=\u00a0\u00bbteepee\u00a0\u00bb show_bottom_space=\u00a0\u00bboff\u00a0\u00bb align=\u00a0\u00bbright\u00a0\u00bb _builder_version=\u00a0\u00bb4.10.6&Prime; _module_preset=\u00a0\u00bbdefault\u00a0\u00bb width=\u00a0\u00bb180px\u00a0\u00bb custom_margin=\u00a0\u00bb|4vw|||false|false\u00a0\u00bb global_colors_info=\u00a0\u00bb{}\u00a0\u00bb][\/et_pb_image][et_pb_image src=\u00a0\u00bbhttps:\/\/www.lapetitetribufrancophone.it\/wp-content\/uploads\/2021\/09\/serate-tepee.jpg\u00a0\u00bb title_text=\u00a0\u00bbserate-tepee\u00a0\u00bb show_bottom_space=\u00a0\u00bboff\u00a0\u00bb disabled_on=\u00a0\u00bboff|off|on\u00a0\u00bb _builder_version=\u00a0\u00bb4.10.7&Prime; _module_preset=\u00a0\u00bbdefault\u00a0\u00bb custom_margin=\u00a0\u00bb6vh||0px||false|false\u00a0\u00bb custom_padding=\u00a0\u00bb0px|0px|0px|0px|false|false\u00a0\u00bb global_colors_info=\u00a0\u00bb{}\u00a0\u00bb][\/et_pb_image][\/et_pb_column][et_pb_column type=\u00a0\u00bb1_2&Prime; _builder_version=\u00a0\u00bb4.10.7&Prime; _module_preset=\u00a0\u00bbdefault\u00a0\u00bb background_image=\u00a0\u00bbhttps:\/\/www.lapetitetribufrancophone.it\/wp-content\/uploads\/2021\/09\/serate-tepee.jpg\u00a0\u00bb custom_padding=\u00a0\u00bb|0px||0px|false|false\u00a0\u00bb background_last_edited=\u00a0\u00bbon|tablet\u00a0\u00bb background_enable_image_tablet=\u00a0\u00bboff\u00a0\u00bb background_enable_image_phone=\u00a0\u00bboff\u00a0\u00bb global_colors_info=\u00a0\u00bb{}\u00a0\u00bb][\/et_pb_column][\/et_pb_row][\/et_pb_section][et_pb_section fb_built=\u00a0\u00bb1&Prime; _builder_version=\u00a0\u00bb4.9.10&Prime; _module_preset=\u00a0\u00bbdefault\u00a0\u00bb background_color=\u00a0\u00bbrgba(183,208,218,0.45)\u00a0\u00bb custom_margin=\u00a0\u00bb0px||0px||false|false\u00a0\u00bb custom_padding=\u00a0\u00bb0px||0px||false|false\u00a0\u00bb global_colors_info=\u00a0\u00bb{}\u00a0\u00bb][et_pb_row column_structure=\u00a0\u00bb1_2,1_2&Prime; use_custom_gutter=\u00a0\u00bbon\u00a0\u00bb gutter_width=\u00a0\u00bb1&Prime; make_equal=\u00a0\u00bbon\u00a0\u00bb _builder_version=\u00a0\u00bb4.10.7&Prime; _module_preset=\u00a0\u00bbdefault\u00a0\u00bb width=\u00a0\u00bb100%\u00a0\u00bb max_width=\u00a0\u00bb100%\u00a0\u00bb custom_margin=\u00a0\u00bb0px|0px|0px|0px|false|false\u00a0\u00bb custom_padding=\u00a0\u00bb0px|0px|0px|0px|false|false\u00a0\u00bb custom_css_main_element=\u00a0\u00bbmin-height:80vh;\t\u00a0\u00bb global_colors_info=\u00a0\u00bb{}\u00a0\u00bb][et_pb_column type=\u00a0\u00bb1_2&Prime; _builder_version=\u00a0\u00bb4.10.7&Prime; _module_preset=\u00a0\u00bbdefault\u00a0\u00bb background_image=\u00a0\u00bbhttps:\/\/www.lapetitetribufrancophone.it\/wp-content\/uploads\/2021\/09\/club-del-sabato.jpg\u00a0\u00bb custom_padding=\u00a0\u00bb|0px||0px|false|false\u00a0\u00bb background_last_edited=\u00a0\u00bbon|tablet\u00a0\u00bb background_enable_image_tablet=\u00a0\u00bboff\u00a0\u00bb background_enable_image_phone=\u00a0\u00bboff\u00a0\u00bb global_colors_info=\u00a0\u00bb{}\u00a0\u00bb][\/et_pb_column][et_pb_column type=\u00a0\u00bb1_2&Prime; _builder_version=\u00a0\u00bb4.9.10&Prime; _module_preset=\u00a0\u00bbdefault\u00a0\u00bb custom_padding=\u00a0\u00bb4vh||0px||false|false\u00a0\u00bb custom_css_main_element=\u00a0\u00bbmargin:auto;\t\u00a0\u00bb global_colors_info=\u00a0\u00bb{}\u00a0\u00bb][et_pb_text _builder_version=\u00a0\u00bb4.10.6&Prime; _module_preset=\u00a0\u00bbdefault\u00a0\u00bb custom_padding=\u00a0\u00bb||20px||false|false\u00a0\u00bb global_colors_info=\u00a0\u00bb{}\u00a0\u00bb]<\/p>\n<h2 class=\"sc_item_title sc_icons_title sc_align_center sc_item_title_style_default\" style=\"text-align: center\"><span style=\"font-size: 20px\">Nos \u201cClubs du Samedi\u201d<\/span><\/h2>\n<div class=\"sc_item_descr sc_icons_descr sc_align_center\">\n<p style=\"text-align: center\">\n<\/div>\n<p>[\/et_pb_text][et_pb_text _builder_version=\u00a0\u00bb4.10.6&Prime; _module_preset=\u00a0\u00bbdefault\u00a0\u00bb custom_padding=\u00a0\u00bb|4vw|2vw|4vw|false|false\u00a0\u00bb global_colors_info=\u00a0\u00bb{}\u00a0\u00bb]<\/p>\n<p><strong>Nos \u201cClubs du Samedi\u201d sont tout simplement une version longue (2 heures) de nos laboratoires cr\u00e9atifs se d\u00e9roulant durant la<br \/>semaine.<\/strong><\/p>\n<p><strong>Inscription \u00e0 la carte (selon les disponibilit\u00e9s)<\/strong><\/p>\n<ul>\n<li>De 10h00 \u00e0 12h00: Pour les 5\/ 7 ans<\/li>\n<li>De 14h00 \u00e0 16h00: Pour les 8\/10 ans<\/li>\n<\/ul>\n<p><strong>Ou en abonnement<\/strong><\/p>\n<ul>\n<li>Mensuel, 4 samedis ou 3 samedis selon le mois.<\/li>\n<li>Bimestriel, 7 samedis<\/li>\n<\/ul>\n<ul><\/ul>\n<p>[\/et_pb_text][et_pb_button button_url=\u00a0\u00bbhttps:\/\/www.lapetitetribufrancophone.it\/fr\/laboratoires-creatifs\/\u00a0\u00bb button_text=\u00a0\u00bbEn savoir plus\u00a0\u00bb button_alignment=\u00a0\u00bbcenter\u00a0\u00bb _builder_version=\u00a0\u00bb4.9.10&Prime; _module_preset=\u00a0\u00bbdefault\u00a0\u00bb global_colors_info=\u00a0\u00bb{}\u00a0\u00bb][\/et_pb_button][et_pb_image src=\u00a0\u00bbhttps:\/\/www.lapetitetribufrancophone.it\/wp-content\/uploads\/2021\/09\/club-del-sabato.jpg\u00a0\u00bb title_text=\u00a0\u00bbclub-del-sabato\u00a0\u00bb show_bottom_space=\u00a0\u00bboff\u00a0\u00bb disabled_on=\u00a0\u00bboff|off|on\u00a0\u00bb _builder_version=\u00a0\u00bb4.10.7&Prime; _module_preset=\u00a0\u00bbdefault\u00a0\u00bb custom_margin=\u00a0\u00bb6vh||0px||false|false\u00a0\u00bb custom_padding=\u00a0\u00bb0px|0px|0px|0px|false|false\u00a0\u00bb global_colors_info=\u00a0\u00bb{}\u00a0\u00bb][\/et_pb_image][\/et_pb_column][\/et_pb_row][\/et_pb_section][et_pb_section fb_built=\u00a0\u00bb1&Prime; _builder_version=\u00a0\u00bb4.9.10&Prime; _module_preset=\u00a0\u00bbdefault\u00a0\u00bb background_enable_color=\u00a0\u00bboff\u00a0\u00bb custom_margin=\u00a0\u00bb0px||0px||false|false\u00a0\u00bb custom_padding=\u00a0\u00bb0px||0px||false|false\u00a0\u00bb global_colors_info=\u00a0\u00bb{}\u00a0\u00bb][et_pb_row column_structure=\u00a0\u00bb1_2,1_2&Prime; use_custom_gutter=\u00a0\u00bbon\u00a0\u00bb gutter_width=\u00a0\u00bb1&Prime; make_equal=\u00a0\u00bbon\u00a0\u00bb _builder_version=\u00a0\u00bb4.10.7&Prime; _module_preset=\u00a0\u00bbdefault\u00a0\u00bb width=\u00a0\u00bb100%\u00a0\u00bb max_width=\u00a0\u00bb100%\u00a0\u00bb custom_margin=\u00a0\u00bb0px|0px|0px|0px|false|false\u00a0\u00bb custom_padding=\u00a0\u00bb0px|0px|0px|0px|false|false\u00a0\u00bb custom_css_main_element=\u00a0\u00bbmin-height:90vh;\t\u00a0\u00bb global_colors_info=\u00a0\u00bb{}\u00a0\u00bb][et_pb_column type=\u00a0\u00bb1_2&Prime; _builder_version=\u00a0\u00bb4.10.6&Prime; _module_preset=\u00a0\u00bbdefault\u00a0\u00bb custom_padding=\u00a0\u00bb4vh||0px||false|false\u00a0\u00bb custom_css_main_element=\u00a0\u00bbmargin:auto;\t\u00a0\u00bb global_colors_info=\u00a0\u00bb{}\u00a0\u00bb][et_pb_text _builder_version=\u00a0\u00bb4.10.7&Prime; _module_preset=\u00a0\u00bbdefault\u00a0\u00bb custom_padding=\u00a0\u00bb||||false|false\u00a0\u00bb global_colors_info=\u00a0\u00bb{}\u00a0\u00bb]<\/p>\n<h1 class=\"sc_item_title sc_icons_title sc_align_center sc_item_title_style_default\" style=\"text-align: center\"><span style=\"font-size: 20px\">Nos \u00abStages Vacances\u00bb<\/span><\/h1>\n<div class=\"sc_item_descr sc_icons_descr sc_align_center\">\n<p style=\"text-align: center\">\n<\/div>\n<p>[\/et_pb_text][et_pb_text _builder_version=\u00a0\u00bb4.10.6&Prime; _module_preset=\u00a0\u00bbdefault\u00a0\u00bb custom_padding=\u00a0\u00bb|4vw|0vw|4vw|false|false\u00a0\u00bb global_colors_info=\u00a0\u00bb{}\u00a0\u00bb]<\/p>\n<p style=\"text-align: justify\">Une occasion r\u00eav\u00e9e pour se faire de nouveaux copains, se cr\u00e9er des souvenirs m\u00e9morables, <strong>tout en renfor\u00e7ant son fran\u00e7ais<\/strong>!<\/p>\n<p style=\"text-align: justify\">Les stages seront programm\u00e9s durant les vacances scolaires de l\u2019\u00e9cole fran\u00e7aise de Rome. Deux formules courtes seront propos\u00e9es aux familles (stage matin\u00e9e de 8h30 \u00e0 12h30 ou apr\u00e8s-midi de 14h00 \u00e0 18h00).<\/p>\n<p style=\"text-align: justify\"><strong>Une immersion linguistique totale en Fran\u00e7ais des enfants,<\/strong> le temps d\u2019une \u00bd journ\u00e9e autour d\u2019un th\u00e8me magique, g\u00e9n\u00e9ralement li\u00e9 \u00e0 la p\u00e9riode du calendrier. Nous serons attentifs au moindre d\u00e9tails, pour pouvoir proposer des contenus ad\u00e9quats et pertinents, pour chaque tranche d\u2019\u00e2ge.<\/p>\n<p style=\"text-align: justify\"><strong>P\u00e9riode 1: \u00abHappy Halloween\u00bb<\/strong>, Vacances d\u2019Automne. Semaine du lundi 25 octobre 2021 au vendredi 29 octobre 2021<\/p>\n<p style=\"text-align: justify\"><strong>P\u00e9riode 2: \u00abJoyeuses F\u00eates\u00bb<\/strong>, Vacances de Noel. Semaine du lundi 3 janvier au vendredi 7 janvier 2022<\/p>\n<p style=\"text-align: justify\"><strong>P\u00e9riode 3: \u00abSport d\u2019Hiver\u00bb<\/strong>, Vacances d\u2019Hiver. Semaine du lundi 28 f\u00e9vrier 2022 au vendredi 04 mars 2022<\/p>\n<p style=\"text-align: justify\"><strong>P\u00e9riode 4: \u00abVive le Printemps\u00bb<\/strong>, Vacances de Printemps. Semaine du lundi 2 mai 2022 au vendredi 6 mai 2022<\/p>\n<p style=\"text-align: justify\"><strong>P\u00e9riode 5: Rattrapage\/Stage intensif de Fran\u00e7ais<\/strong> en juin \u00e0 partir du 15 juin 2022. Le matin uniquement de 8h30 \u00e0 12h30. Ces 2 semaines de stage s\u2019adressent aux familles italiennes ou internationales, qui souhaitent scolariser leurs enfants \u00e0 l\u2019\u00e9cole fran\u00e7aise pour l\u2019ann\u00e9e acad\u00e9mique \u00e0 venir ou qui d\u00e9sirent initier leurs enfants au fran\u00e7ais oral en les exposant aux phon\u00e8mes, au vocabulaire et structures de phrases en contexte.<\/p>\n<p style=\"text-align: justify\"><strong>P\u00e9riode 6: L\u2019\u00e9cole est Finie<\/strong>: Deux formules: Le matin, de 8h30 \u00e0 12h30 ou l\u2019apr\u00e8s-midi de 14h00\u00e0 18h00<\/p>\n<p>[\/et_pb_text][et_pb_image src=\u00a0\u00bbhttps:\/\/www.lapetitetribufrancophone.it\/wp-content\/uploads\/2021\/09\/indiani.jpg\u00a0\u00bb title_text=\u00a0\u00bbindiani\u00a0\u00bb show_bottom_space=\u00a0\u00bboff\u00a0\u00bb disabled_on=\u00a0\u00bboff|off|on\u00a0\u00bb _builder_version=\u00a0\u00bb4.10.7&Prime; _module_preset=\u00a0\u00bbdefault\u00a0\u00bb custom_margin=\u00a0\u00bb6vh||0px||false|false\u00a0\u00bb custom_padding=\u00a0\u00bb0px|0px|0px|0px|false|false\u00a0\u00bb global_colors_info=\u00a0\u00bb{}\u00a0\u00bb][\/et_pb_image][\/et_pb_column][et_pb_column type=\u00a0\u00bb1_2&Prime; _builder_version=\u00a0\u00bb4.10.7&Prime; _module_preset=\u00a0\u00bbdefault\u00a0\u00bb background_image=\u00a0\u00bbhttps:\/\/www.lapetitetribufrancophone.it\/wp-content\/uploads\/2021\/09\/indiani.jpg\u00a0\u00bb custom_padding=\u00a0\u00bb|0px||0px|false|false\u00a0\u00bb background_last_edited=\u00a0\u00bbon|tablet\u00a0\u00bb background_enable_image_tablet=\u00a0\u00bboff\u00a0\u00bb background_enable_image_phone=\u00a0\u00bboff\u00a0\u00bb global_colors_info=\u00a0\u00bb{}\u00a0\u00bb][\/et_pb_column][\/et_pb_row][\/et_pb_section]<\/p>\n","protected":false},"excerpt":{"rendered":"<p>ServicesNos \u201csoireestipi\u201d du vendredi et samedi soir \u00abNos \u201cSOIREES TIPI\u201d du vendredi et samedi soir!\u00bb Ce soir, la date est particuli\u00e8re pour vous! Vous avez envie de sortir et vous retrouvez entre amis au restaurant, mais vous n\u2019avez pas le temps de trouver la perle rare disponible et de confiance qui gardera occasionnellement vos enfants! [&hellip;]<\/p>\n","protected":false},"author":1,"featured_media":0,"parent":0,"menu_order":0,"comment_status":"closed","ping_status":"closed","template":"","meta":{"_et_pb_use_builder":"on","_et_pb_old_content":"","_et_gb_content_width":"","footnotes":""},"class_list":["post-945","page","type-page","status-publish","hentry"],"yoast_head":"<!-- This site is optimized with the Yoast SEO plugin v19.11 - https:\/\/yoast.com\/wordpress\/plugins\/seo\/ -->\n<title>Services - La Petite Tribu Francophone<\/title>\n<meta name=\"robots\" content=\"index, follow, max-snippet:-1, max-image-preview:large, max-video-preview:-1\" \/>\n<link rel=\"canonical\" href=\"https:\/\/www.lapetitetribufrancophone.it\/fr\/services\/\" \/>\n<meta property=\"og:locale\" content=\"fr_FR\" \/>\n<meta property=\"og:type\" content=\"article\" \/>\n<meta property=\"og:title\" content=\"Services - La Petite Tribu Francophone\" \/>\n<meta property=\"og:description\" content=\"ServicesNos \u201csoireestipi\u201d du vendredi et samedi soir \u00abNos \u201cSOIREES TIPI\u201d du vendredi et samedi soir!\u00bb Ce soir, la date est particuli\u00e8re pour vous! Vous avez envie de sortir et vous retrouvez entre amis au restaurant, mais vous n\u2019avez pas le temps de trouver la perle rare disponible et de confiance qui gardera occasionnellement vos enfants! [&hellip;]\" \/>\n<meta property=\"og:url\" content=\"https:\/\/www.lapetitetribufrancophone.it\/fr\/services\/\" \/>\n<meta property=\"og:site_name\" content=\"La Petite Tribu Francophone\" \/>\n<meta property=\"article:modified_time\" content=\"2021-10-12T12:27:21+00:00\" \/>\n<meta name=\"twitter:card\" content=\"summary_large_image\" \/>\n<meta name=\"twitter:label1\" content=\"Dur\u00e9e de lecture estim\u00e9e\" \/>\n\t<meta name=\"twitter:data1\" content=\"6 minutes\" \/>\n<script type=\"application\/ld+json\" class=\"yoast-schema-graph\">{\"@context\":\"https:\/\/schema.org\",\"@graph\":[{\"@type\":\"WebPage\",\"@id\":\"https:\/\/www.lapetitetribufrancophone.it\/fr\/services\/\",\"url\":\"https:\/\/www.lapetitetribufrancophone.it\/fr\/services\/\",\"name\":\"Services - La Petite Tribu Francophone\",\"isPartOf\":{\"@id\":\"https:\/\/www.lapetitetribufrancophone.it\/fr\/#website\"},\"datePublished\":\"2021-10-12T12:07:48+00:00\",\"dateModified\":\"2021-10-12T12:27:21+00:00\",\"breadcrumb\":{\"@id\":\"https:\/\/www.lapetitetribufrancophone.it\/fr\/services\/#breadcrumb\"},\"inLanguage\":\"fr-FR\",\"potentialAction\":[{\"@type\":\"ReadAction\",\"target\":[\"https:\/\/www.lapetitetribufrancophone.it\/fr\/services\/\"]}]},{\"@type\":\"BreadcrumbList\",\"@id\":\"https:\/\/www.lapetitetribufrancophone.it\/fr\/services\/#breadcrumb\",\"itemListElement\":[{\"@type\":\"ListItem\",\"position\":1,\"name\":\"Home\",\"item\":\"https:\/\/www.lapetitetribufrancophone.it\/fr\/\"},{\"@type\":\"ListItem\",\"position\":2,\"name\":\"Services\"}]},{\"@type\":\"WebSite\",\"@id\":\"https:\/\/www.lapetitetribufrancophone.it\/fr\/#website\",\"url\":\"https:\/\/www.lapetitetribufrancophone.it\/fr\/\",\"name\":\"La Petite Tribu Francophone\",\"description\":\"Laboratori creativi in lingua francese per bambini - Roma\",\"potentialAction\":[{\"@type\":\"SearchAction\",\"target\":{\"@type\":\"EntryPoint\",\"urlTemplate\":\"https:\/\/www.lapetitetribufrancophone.it\/fr\/?s={search_term_string}\"},\"query-input\":\"required name=search_term_string\"}],\"inLanguage\":\"fr-FR\"}]}<\/script>\n<!-- \/ Yoast SEO plugin. -->","yoast_head_json":{"title":"Services - La Petite Tribu Francophone","robots":{"index":"index","follow":"follow","max-snippet":"max-snippet:-1","max-image-preview":"max-image-preview:large","max-video-preview":"max-video-preview:-1"},"canonical":"https:\/\/www.lapetitetribufrancophone.it\/fr\/services\/","og_locale":"fr_FR","og_type":"article","og_title":"Services - La Petite Tribu Francophone","og_description":"ServicesNos \u201csoireestipi\u201d du vendredi et samedi soir \u00abNos \u201cSOIREES TIPI\u201d du vendredi et samedi soir!\u00bb Ce soir, la date est particuli\u00e8re pour vous! Vous avez envie de sortir et vous retrouvez entre amis au restaurant, mais vous n\u2019avez pas le temps de trouver la perle rare disponible et de confiance qui gardera occasionnellement vos enfants! [&hellip;]","og_url":"https:\/\/www.lapetitetribufrancophone.it\/fr\/services\/","og_site_name":"La Petite Tribu Francophone","article_modified_time":"2021-10-12T12:27:21+00:00","twitter_card":"summary_large_image","twitter_misc":{"Dur\u00e9e de lecture estim\u00e9e":"6 minutes"},"schema":{"@context":"https:\/\/schema.org","@graph":[{"@type":"WebPage","@id":"https:\/\/www.lapetitetribufrancophone.it\/fr\/services\/","url":"https:\/\/www.lapetitetribufrancophone.it\/fr\/services\/","name":"Services - La Petite Tribu Francophone","isPartOf":{"@id":"https:\/\/www.lapetitetribufrancophone.it\/fr\/#website"},"datePublished":"2021-10-12T12:07:48+00:00","dateModified":"2021-10-12T12:27:21+00:00","breadcrumb":{"@id":"https:\/\/www.lapetitetribufrancophone.it\/fr\/services\/#breadcrumb"},"inLanguage":"fr-FR","potentialAction":[{"@type":"ReadAction","target":["https:\/\/www.lapetitetribufrancophone.it\/fr\/services\/"]}]},{"@type":"BreadcrumbList","@id":"https:\/\/www.lapetitetribufrancophone.it\/fr\/services\/#breadcrumb","itemListElement":[{"@type":"ListItem","position":1,"name":"Home","item":"https:\/\/www.lapetitetribufrancophone.it\/fr\/"},{"@type":"ListItem","position":2,"name":"Services"}]},{"@type":"WebSite","@id":"https:\/\/www.lapetitetribufrancophone.it\/fr\/#website","url":"https:\/\/www.lapetitetribufrancophone.it\/fr\/","name":"La Petite Tribu Francophone","description":"Laboratori creativi in lingua francese per bambini - Roma","potentialAction":[{"@type":"SearchAction","target":{"@type":"EntryPoint","urlTemplate":"https:\/\/www.lapetitetribufrancophone.it\/fr\/?s={search_term_string}"},"query-input":"required name=search_term_string"}],"inLanguage":"fr-FR"}]}},"_links":{"self":[{"href":"https:\/\/www.lapetitetribufrancophone.it\/fr\/wp-json\/wp\/v2\/pages\/945","targetHints":{"allow":["GET"]}}],"collection":[{"href":"https:\/\/www.lapetitetribufrancophone.it\/fr\/wp-json\/wp\/v2\/pages"}],"about":[{"href":"https:\/\/www.lapetitetribufrancophone.it\/fr\/wp-json\/wp\/v2\/types\/page"}],"author":[{"embeddable":true,"href":"https:\/\/www.lapetitetribufrancophone.it\/fr\/wp-json\/wp\/v2\/users\/1"}],"replies":[{"embeddable":true,"href":"https:\/\/www.lapetitetribufrancophone.it\/fr\/wp-json\/wp\/v2\/comments?post=945"}],"version-history":[{"count":5,"href":"https:\/\/www.lapetitetribufrancophone.it\/fr\/wp-json\/wp\/v2\/pages\/945\/revisions"}],"predecessor-version":[{"id":953,"href":"https:\/\/www.lapetitetribufrancophone.it\/fr\/wp-json\/wp\/v2\/pages\/945\/revisions\/953"}],"wp:attachment":[{"href":"https:\/\/www.lapetitetribufrancophone.it\/fr\/wp-json\/wp\/v2\/media?parent=945"}],"curies":[{"name":"wp","href":"https:\/\/api.w.org\/{rel}","templated":true}]}}